{"id":7,"date":"2023-06-03T13:22:13","date_gmt":"2023-06-03T13:22:13","guid":{"rendered":"https:\/\/manuelaspadoni.com\/?page_id=7"},"modified":"2025-11-30T16:28:52","modified_gmt":"2025-11-30T16:28:52","slug":"doctor-manuela-spadoni","status":"publish","type":"page","link":"https:\/\/manuelaspadoni.com\/es\/","title":{"rendered":"Dra. Manuela Spadoni"},"content":{"rendered":"<div data-elementor-type=\"wp-page\" data-elementor-id=\"7\" class=\"elementor elementor-7\" data-elementor-post-type=\"page\">\n\t\t\t\t<div class=\"elementor-element elementor-element-a602671 e-con-full e-flex e-con e-parent\" data-id=\"a602671\" data-element_type=\"container\">\n\t\t<div class=\"elementor-element elementor-element-e824d0f e-con-full e-flex e-con e-child\" data-id=\"e824d0f\" data-element_type=\"container\" data-settings=\"{&quot;background_background&quot;:&quot;gradient&quot;}\">\n\t\t<div class=\"elementor-element elementor-element-dc472dd e-flex e-con-boxed e-con e-child\" data-id=\"dc472dd\" data-element_type=\"container\">\n\t\t\t\t\t<div class=\"e-con-inner\">\n\t\t<div class=\"elementor-element elementor-element-92b023b e-con-full e-flex e-con e-child\" data-id=\"92b023b\" data-element_type=\"container\">\n\t\t\t\t<div class=\"elementor-element elementor-element-1fc853a elementor-widget elementor-widget-image\" data-id=\"1fc853a\" data-element_type=\"widget\" data-widget_type=\"image.default\">\n\t\t\t\t<div class=\"elementor-widget-container\">\n\t\t\t\t\t\t\t\t\t\t\t\t\t\t\t<img fetchpriority=\"high\" decoding=\"async\" width=\"464\" height=\"622\" src=\"https:\/\/manuelaspadoni.com\/wp-content\/uploads\/2023\/06\/Manuela-Spadoni.webp\" class=\"attachment-large size-large wp-image-21\" alt=\"\" srcset=\"https:\/\/manuelaspadoni.com\/wp-content\/uploads\/2023\/06\/Manuela-Spadoni.webp 464w, https:\/\/manuelaspadoni.com\/wp-content\/uploads\/2023\/06\/Manuela-Spadoni-224x300.webp 224w\" sizes=\"(max-width: 464px) 100vw, 464px\" \/>\t\t\t\t\t\t\t\t\t\t\t\t\t\t\t<\/div>\n\t\t\t\t<\/div>\n\t\t\t\t<\/div>\n\t\t<div class=\"elementor-element elementor-element-ad9ddf3 e-con-full e-flex e-con e-child\" data-id=\"ad9ddf3\" data-element_type=\"container\">\n\t\t\t\t<div class=\"elementor-element elementor-element-37057c5 elementor-widget elementor-widget-heading\" data-id=\"37057c5\" data-element_type=\"widget\" data-widget_type=\"heading.default\">\n\t\t\t\t<div class=\"elementor-widget-container\">\n\t\t\t\t\t<h2 class=\"elementor-heading-title elementor-size-default\">Dra. Manuela Spadoni<\/h2>\t\t\t\t<\/div>\n\t\t\t\t<\/div>\n\t\t\t\t<div class=\"elementor-element elementor-element-3cd267c elementor-widget-divider--view-line elementor-widget elementor-widget-divider\" data-id=\"3cd267c\" data-element_type=\"widget\" data-widget_type=\"divider.default\">\n\t\t\t\t<div class=\"elementor-widget-container\">\n\t\t\t\t\t\t\t<div class=\"elementor-divider\">\n\t\t\t<span class=\"elementor-divider-separator\">\n\t\t\t\t\t\t<\/span>\n\t\t<\/div>\n\t\t\t\t\t\t<\/div>\n\t\t\t\t<\/div>\n\t\t\t\t<div class=\"elementor-element elementor-element-cb3a5ff elementor-widget elementor-widget-text-editor\" data-id=\"cb3a5ff\" data-element_type=\"widget\" data-widget_type=\"text-editor.default\">\n\t\t\t\t<div class=\"elementor-widget-container\">\n\t\t\t\t\t\t\t\t\t<p>Psic\u00f3loga<br \/>psicoterapeuta<br \/>Supervisor de EMDR<\/p>\t\t\t\t\t\t\t\t<\/div>\n\t\t\t\t<\/div>\n\t\t\t\t<div class=\"elementor-element elementor-element-7d81d83 elementor-widget elementor-widget-spacer\" data-id=\"7d81d83\" data-element_type=\"widget\" data-widget_type=\"spacer.default\">\n\t\t\t\t<div class=\"elementor-widget-container\">\n\t\t\t\t\t\t\t<div class=\"elementor-spacer\">\n\t\t\t<div class=\"elementor-spacer-inner\"><\/div>\n\t\t<\/div>\n\t\t\t\t\t\t<\/div>\n\t\t\t\t<\/div>\n\t\t\t\t<div class=\"elementor-element elementor-element-7f87f29 elementor-widget elementor-widget-text-editor\" data-id=\"7f87f29\" data-element_type=\"widget\" data-widget_type=\"text-editor.default\">\n\t\t\t\t<div class=\"elementor-widget-container\">\n\t\t\t\t\t\t\t\t\tSupervisora EMDR Docente y formadora<br>\n\nautor de \"Flashcards for learning some EMDR tools\".\t\t\t\t\t\t\t\t<\/div>\n\t\t\t\t<\/div>\n\t\t\t\t<\/div>\n\t\t\t\t\t<\/div>\n\t\t\t\t<\/div>\n\t\t\t\t<\/div>\n\t\t\t\t<\/div>\n\t\t<div class=\"elementor-element elementor-element-e5a51a9 e-con-full e-flex e-con e-parent\" data-id=\"e5a51a9\" data-element_type=\"container\">\n\t\t<div class=\"elementor-element elementor-element-a3e1308 e-con-full e-flex e-con e-child\" data-id=\"a3e1308\" data-element_type=\"container\" data-settings=\"{&quot;background_background&quot;:&quot;gradient&quot;}\">\n\t\t<div class=\"elementor-element elementor-element-e8f3aa8 e-flex e-con-boxed e-con e-child\" data-id=\"e8f3aa8\" data-element_type=\"container\">\n\t\t\t\t\t<div class=\"e-con-inner\">\n\t\t<div class=\"elementor-element elementor-element-f0a5fda e-con-full e-flex e-con e-child\" data-id=\"f0a5fda\" data-element_type=\"container\">\n\t\t\t\t<div class=\"elementor-element elementor-element-641e3db elementor-widget elementor-widget-heading\" data-id=\"641e3db\" data-element_type=\"widget\" data-widget_type=\"heading.default\">\n\t\t\t\t<div class=\"elementor-widget-container\">\n\t\t\t\t\t<h2 class=\"elementor-heading-title elementor-size-default\">\u00c1reas de atenci\u00f3n<\/h2>\t\t\t\t<\/div>\n\t\t\t\t<\/div>\n\t\t\t\t<div class=\"elementor-element elementor-element-d8cba1c elementor-widget elementor-widget-heading\" data-id=\"d8cba1c\" data-element_type=\"widget\" data-widget_type=\"heading.default\">\n\t\t\t\t<div class=\"elementor-widget-container\">\n\t\t\t\t\t<h2 class=\"elementor-heading-title elementor-size-default\">Resoluci\u00f3n de las consecuencias de acontecimientos traum\u00e1ticos.<\/h2>\t\t\t\t<\/div>\n\t\t\t\t<\/div>\n\t\t\t\t<div class=\"elementor-element elementor-element-aba0e86 elementor-widget elementor-widget-text-editor\" data-id=\"aba0e86\" data-element_type=\"widget\" data-widget_type=\"text-editor.default\">\n\t\t\t\t<div class=\"elementor-widget-container\">\n\t\t\t\t\t\t\t\t\t<p>Diagn\u00f3stico y psicoterapia EMDR de pacientes adultos y adolescentes con un amplio abanico de trastornos: TEPT simple y complejo, trastornos alimentarios, trastornos disociativos, trastorno l\u00edmite de la personalidad, trastorno depresivo mayor, s\u00edndrome ansioso-depresivo, ataques de p\u00e1nico, sintomatolog\u00eda f\u00f3bico-obsesiva, etc.  Tambi\u00e9n se presta una atenci\u00f3n espec\u00edfica a los pacientes con enfermedades autoinmunes y psicosom\u00e1ticas, as\u00ed como a los trastornos f\u00edsicos funcionales que no pueden atribuirse a patolog\u00edas org\u00e1nicas espec\u00edficas.<\/p>\t\t\t\t\t\t\t\t<\/div>\n\t\t\t\t<\/div>\n\t\t\t\t<div class=\"elementor-element elementor-element-7b5b94c elementor-align-left elementor-widget elementor-widget-button\" data-id=\"7b5b94c\" data-element_type=\"widget\" data-widget_type=\"button.default\">\n\t\t\t\t<div class=\"elementor-widget-container\">\n\t\t\t\t\t\t\t\t\t<div class=\"elementor-button-wrapper\">\n\t\t\t\t\t<a class=\"elementor-button elementor-button-link elementor-size-sm\" href=\"\/es\/areas-de-atencion\/\">\n\t\t\t\t\t\t<span class=\"elementor-button-content-wrapper\">\n\t\t\t\t\t\t\t\t\t<span class=\"elementor-button-text\">Seguir leyendo<\/span>\n\t\t\t\t\t<\/span>\n\t\t\t\t\t<\/a>\n\t\t\t\t<\/div>\n\t\t\t\t\t\t\t\t<\/div>\n\t\t\t\t<\/div>\n\t\t\t\t<\/div>\n\t\t<div class=\"elementor-element elementor-element-aa26315 e-con-full e-flex e-con e-child\" data-id=\"aa26315\" data-element_type=\"container\">\n\t\t\t\t<div class=\"elementor-element elementor-element-778d65f elementor-widget elementor-widget-heading\" data-id=\"778d65f\" data-element_type=\"widget\" data-widget_type=\"heading.default\">\n\t\t\t\t<div class=\"elementor-widget-container\">\n\t\t\t\t\t<h2 class=\"elementor-heading-title elementor-size-default\">Curriculum<\/h2>\t\t\t\t<\/div>\n\t\t\t\t<\/div>\n\t\t\t\t<div class=\"elementor-element elementor-element-fa8d1e4 elementor-widget elementor-widget-text-editor\" data-id=\"fa8d1e4\" data-element_type=\"widget\" data-widget_type=\"text-editor.default\">\n\t\t\t\t<div class=\"elementor-widget-container\">\n\t\t\t\t\t\t\t\t\t<p class=\"translation-block\">Licenciada con honores en Psicolog\u00eda por la Universidad de Padova, complet\u00f3 una formaci\u00f3n en psicoterapia de orientaci\u00f3n din\u00e1mica en el Centro di Psicologia Clinica di Milano, prof Zapparoli.\n<br><br>\nPosteriormente, esta formaci\u00f3n b\u00e1sica se ampli\u00f3 e integr\u00f3 con numerosos cursos de formaci\u00f3n y actualizaci\u00f3n en t\u00e9cnicas provenientes de otros enfoques psicoterap\u00e9uticos, bajo la convicci\u00f3n de la importancia de un enfoque cl\u00ednico flexible, integrado y centrado en las necesidades del paciente.<br><br>\nHa desarrollado su actividad profesional en Servicios P\u00fablicos, en el \u00e1mbito jur\u00eddico y privado. Desde hace a\u00f1os, su actividad es exclusivamente privada. <br><br>\nImparte docencia sobre el tratamiento EMDR de Pacientes Complejos en los cursos de formaci\u00f3n de la Asociaci\u00f3n EMDR y en Centros de Salud (psicoterapeutas, m\u00e9dicos, enfermeros, educadores, etc.)<\/p>\t\t\t\t\t\t\t\t<\/div>\n\t\t\t\t<\/div>\n\t\t\t\t<\/div>\n\t\t\t\t\t<\/div>\n\t\t\t\t<\/div>\n\t\t\t\t<\/div>\n\t\t\t\t<\/div>\n\t\t<div class=\"elementor-element elementor-element-23a5c442 e-con-full e-flex e-con e-parent\" data-id=\"23a5c442\" data-element_type=\"container\" data-settings=\"{&quot;background_background&quot;:&quot;classic&quot;}\">\n\t\t<div class=\"elementor-element elementor-element-2389bb28 e-con-full e-flex e-con e-child\" data-id=\"2389bb28\" data-element_type=\"container\" data-settings=\"{&quot;background_background&quot;:&quot;classic&quot;}\">\n\t\t<div class=\"elementor-element elementor-element-d19e4c2 e-flex e-con-boxed e-con e-child\" data-id=\"d19e4c2\" data-element_type=\"container\">\n\t\t\t\t\t<div class=\"e-con-inner\">\n\t\t\t\t<div class=\"elementor-element elementor-element-17342bdd elementor-widget elementor-widget-heading\" data-id=\"17342bdd\" data-element_type=\"widget\" data-widget_type=\"heading.default\">\n\t\t\t\t<div class=\"elementor-widget-container\">\n\t\t\t\t\t<h2 class=\"elementor-heading-title elementor-size-default\">P\u00f3ngase en contacto con<\/h2>\t\t\t\t<\/div>\n\t\t\t\t<\/div>\n\t\t\t\t<div class=\"elementor-element elementor-element-619f604 elementor-widget-divider--view-line elementor-widget elementor-widget-divider\" data-id=\"619f604\" data-element_type=\"widget\" data-widget_type=\"divider.default\">\n\t\t\t\t<div class=\"elementor-widget-container\">\n\t\t\t\t\t\t\t<div class=\"elementor-divider\">\n\t\t\t<span class=\"elementor-divider-separator\">\n\t\t\t\t\t\t<\/span>\n\t\t<\/div>\n\t\t\t\t\t\t<\/div>\n\t\t\t\t<\/div>\n\t\t\t\t<div class=\"elementor-element elementor-element-7232bce elementor-widget elementor-widget-text-editor\" data-id=\"7232bce\" data-element_type=\"widget\" data-widget_type=\"text-editor.default\">\n\t\t\t\t<div class=\"elementor-widget-container\">\n\t\t\t\t\t\t\t\t\t<p>correo electr\u00f3nico: <a href=\"mailto:info@manuelaspadoni.com\">info@manuelaspadoni.com<\/a><\/p><p><span class=\"wixui-rich-text__text\">Con cita previa:<\/span><\/p><p style=\"padding-left: 40px;\"><span class=\"wixui-rich-text__text\">via Francesco Frisi 26\/A, <strong>Monza<\/strong><br \/><\/span><\/p><p style=\"padding-left: 40px;\" class=\"translation-block\"><span class=\"wixui-rich-text__text\">via Caretta 1, c\/o CRSP, <strong>Mil\u00e1n<\/strong><br><\/span><\/p><p style=\"padding-left: 40px;\">sesiones en l\u00ednea<\/p>\t\t\t\t\t\t\t\t<\/div>\n\t\t\t\t<\/div>\n\t\t\t\t<div class=\"elementor-element elementor-element-b80e25a elementor-widget__width-initial elementor-button-align-stretch elementor-widget elementor-widget-form\" data-id=\"b80e25a\" data-element_type=\"widget\" data-settings=\"{&quot;step_next_label&quot;:&quot;Next&quot;,&quot;step_previous_label&quot;:&quot;Previous&quot;,&quot;button_width&quot;:&quot;100&quot;,&quot;step_type&quot;:&quot;number_text&quot;,&quot;step_icon_shape&quot;:&quot;circle&quot;}\" data-widget_type=\"form.default\">\n\t\t\t\t<div class=\"elementor-widget-container\">\n\t\t\t\t\t\t\t<form class=\"elementor-form\" method=\"post\" name=\"Modulo di contatto\" aria-label=\"Formulario de contacto\" action=\"\">\n\t\t\t<input type=\"hidden\" name=\"post_id\" value=\"7\"\/>\n\t\t\t<input type=\"hidden\" name=\"form_id\" value=\"b80e25a\"\/>\n\t\t\t<input type=\"hidden\" name=\"referer_title\" value=\"\" \/>\n\n\t\t\t\t\t\t\t<input type=\"hidden\" name=\"queried_id\" value=\"7\"\/>\n\t\t\t\n\t\t\t<div class=\"elementor-form-fields-wrapper elementor-labels-\">\n\t\t\t\t\t\t\t\t<div class=\"elementor-field-type-text elementor-field-group elementor-column elementor-field-group-name elementor-col-50 elementor-field-required\">\n\t\t\t\t\t\t\t\t\t\t\t\t<label for=\"form-field-name\" class=\"elementor-field-label elementor-screen-only\">\n\t\t\t\t\t\t\t\tNombre y apellidos\t\t\t\t\t\t\t<\/label>\n\t\t\t\t\t\t\t\t\t\t\t\t\t\t<input size=\"1\" type=\"text\" name=\"form_fields[name]\" id=\"form-field-name\" class=\"elementor-field elementor-size-sm  elementor-field-textual\" placeholder=\"Nombre y apellidos\" required=\"required\">\n\t\t\t\t\t\t\t\t\t\t\t<\/div>\n\t\t\t\t\t\t\t\t<div class=\"elementor-field-type-email elementor-field-group elementor-column elementor-field-group-email elementor-col-50 elementor-field-required\">\n\t\t\t\t\t\t\t\t\t\t\t\t<label for=\"form-field-email\" class=\"elementor-field-label elementor-screen-only\">\n\t\t\t\t\t\t\t\tEmail\t\t\t\t\t\t\t<\/label>\n\t\t\t\t\t\t\t\t\t\t\t\t\t\t<input size=\"1\" type=\"email\" name=\"form_fields[email]\" id=\"form-field-email\" class=\"elementor-field elementor-size-sm  elementor-field-textual\" placeholder=\"Email\" required=\"required\">\n\t\t\t\t\t\t\t\t\t\t\t<\/div>\n\t\t\t\t\t\t\t\t<div class=\"elementor-field-type-textarea elementor-field-group elementor-column elementor-field-group-message elementor-col-100\">\n\t\t\t\t\t\t\t\t\t\t\t\t<label for=\"form-field-message\" class=\"elementor-field-label elementor-screen-only\">\n\t\t\t\t\t\t\t\tSu mensaje\t\t\t\t\t\t\t<\/label>\n\t\t\t\t\t\t<textarea class=\"elementor-field-textual elementor-field  elementor-size-sm\" name=\"form_fields[message]\" id=\"form-field-message\" rows=\"4\" placeholder=\"Su mensaje\"><\/textarea>\t\t\t\t<\/div>\n\t\t\t\t\t\t\t\t<div class=\"elementor-field-type-acceptance elementor-field-group elementor-column elementor-field-group-field_8aa2476 elementor-col-100\">\n\t\t\t\t\t\t\t<div class=\"elementor-field-subgroup\">\n\t\t\t<span class=\"elementor-field-option\">\n\t\t\t\t<input type=\"checkbox\" name=\"form_fields[field_8aa2476]\" id=\"form-field-field_8aa2476\" class=\"elementor-field elementor-size-sm  elementor-acceptance-field\">\n\t\t\t\t<label for=\"form-field-field_8aa2476\">Declaro haber le\u00eddo el\u2019<a href=\"https:\/\/manuelaspadoni.com\/es\/politica-de-privacidad\/\" target=\"_blank\">pol\u00edtica de privacidad<\/a> y acepto el tratamiento de mis datos para que puedan ponerse en contacto conmigo.<\/label>\t\t\t<\/span>\n\t\t<\/div>\n\t\t\t\t\t\t<\/div>\n\t\t\t\t\t\t\t\t<div class=\"elementor-field-group elementor-column elementor-field-type-submit elementor-col-100 e-form__buttons\">\n\t\t\t\t\t<button class=\"elementor-button elementor-size-sm\" type=\"submit\">\n\t\t\t\t\t\t<span class=\"elementor-button-content-wrapper\">\n\t\t\t\t\t\t\t\t\t\t\t\t\t\t\t\t\t\t\t\t\t\t<span class=\"elementor-button-text\">ENVIAR SOLICITUD<\/span>\n\t\t\t\t\t\t\t\t\t\t\t\t\t<\/span>\n\t\t\t\t\t<\/button>\n\t\t\t\t<\/div>\n\t\t\t<\/div>\n\t\t<input type=\"hidden\" name=\"trp-form-language\" value=\"es\"\/><\/form>\n\t\t\t\t\t\t<\/div>\n\t\t\t\t<\/div>\n\t\t\t\t\t<\/div>\n\t\t\t\t<\/div>\n\t\t\t\t<\/div>\n\t\t<div class=\"elementor-element elementor-element-1da28151 e-con-full e-flex e-con e-child\" data-id=\"1da28151\" data-element_type=\"container\" data-settings=\"{&quot;background_background&quot;:&quot;classic&quot;}\">\n\t\t\t\t<\/div>\n\t\t\t\t<\/div>\n\t\t\t\t<\/div>","protected":false},"excerpt":{"rendered":"<p>Dra. Manuela Spadoni psic\u00f3loga psicoterapeuta-EMDR supervisora profesora y formadora autora de \"Flashcards for learning some EMDR tools\" \u00c1reas de tratamiento Resoluci\u00f3n de las consecuencias de eventos traum\u00e1ticos. Diagn\u00f3stico y psicoterapia EMDR de pacientes adultos y adolescentes con una amplia gama de trastornos: TEPT simple y complejo, Trastornos alimentarios, Trastornos disociativos, Trastorno l\u00edmite de la personalidad, Trastorno depresivo mayor, [...].<\/p>","protected":false},"author":1,"featured_media":0,"parent":0,"menu_order":0,"comment_status":"closed","ping_status":"closed","template":"","meta":{"footnotes":""},"class_list":["post-7","page","type-page","status-publish","hentry"],"_links":{"self":[{"href":"https:\/\/manuelaspadoni.com\/es\/wp-json\/wp\/v2\/pages\/7","targetHints":{"allow":["GET"]}}],"collection":[{"href":"https:\/\/manuelaspadoni.com\/es\/wp-json\/wp\/v2\/pages"}],"about":[{"href":"https:\/\/manuelaspadoni.com\/es\/wp-json\/wp\/v2\/types\/page"}],"author":[{"embeddable":true,"href":"https:\/\/manuelaspadoni.com\/es\/wp-json\/wp\/v2\/users\/1"}],"replies":[{"embeddable":true,"href":"https:\/\/manuelaspadoni.com\/es\/wp-json\/wp\/v2\/comments?post=7"}],"version-history":[{"count":217,"href":"https:\/\/manuelaspadoni.com\/es\/wp-json\/wp\/v2\/pages\/7\/revisions"}],"predecessor-version":[{"id":1301,"href":"https:\/\/manuelaspadoni.com\/es\/wp-json\/wp\/v2\/pages\/7\/revisions\/1301"}],"wp:attachment":[{"href":"https:\/\/manuelaspadoni.com\/es\/wp-json\/wp\/v2\/media?parent=7"}],"curies":[{"name":"wp","href":"https:\/\/api.w.org\/{rel}","templated":true}]}}