{"id":207,"date":"2023-06-10T08:28:21","date_gmt":"2023-06-10T08:28:21","guid":{"rendered":"https:\/\/manuelaspadoni.com\/?page_id=207"},"modified":"2023-06-10T09:02:09","modified_gmt":"2023-06-10T09:02:09","slug":"bibliografia-tarjetas","status":"publish","type":"page","link":"https:\/\/manuelaspadoni.com\/es\/bibliografia-tarjetas\/","title":{"rendered":"Bibliografia Flashcards"},"content":{"rendered":"<div data-elementor-type=\"wp-page\" data-elementor-id=\"207\" class=\"elementor elementor-207\" data-elementor-post-type=\"page\">\n\t\t\t\t<div class=\"elementor-element elementor-element-39bf88d e-con-full e-flex e-con e-parent\" data-id=\"39bf88d\" data-element_type=\"container\" data-settings=\"{&quot;background_background&quot;:&quot;gradient&quot;}\">\n\t\t<div class=\"elementor-element elementor-element-74e98e6c e-flex e-con-boxed e-con e-parent\" data-id=\"74e98e6c\" data-element_type=\"container\">\n\t\t\t\t\t<div class=\"e-con-inner\">\n\t\t\t\t<div class=\"elementor-element elementor-element-72aa14af elementor-widget elementor-widget-heading\" data-id=\"72aa14af\" data-element_type=\"widget\" data-widget_type=\"heading.default\">\n\t\t\t\t<div class=\"elementor-widget-container\">\n\t\t\t\t\t<p class=\"elementor-heading-title elementor-size-default\">BIBLIOGRAF\u00cdA FLASHCARDS\n<\/p>\t\t\t\t<\/div>\n\t\t\t\t<\/div>\n\t\t\t\t<div class=\"elementor-element elementor-element-3fc1f52c elementor-widget elementor-widget-heading\" data-id=\"3fc1f52c\" data-element_type=\"widget\" data-widget_type=\"heading.default\">\n\t\t\t\t<div class=\"elementor-widget-container\">\n\t\t\t\t\t<h2 class=\"elementor-heading-title elementor-size-default\"> \u00datil en la terapia EMDR con pacientes con TEPT complejo y trastorno disociativo. <\/h2>\t\t\t\t<\/div>\n\t\t\t\t<\/div>\n\t\t\t\t\t<\/div>\n\t\t\t\t<\/div>\n\t\t\t\t<\/div>\n\t\t<div class=\"elementor-element elementor-element-f8f7fe7 e-flex e-con-boxed e-con e-parent\" data-id=\"f8f7fe7\" data-element_type=\"container\">\n\t\t\t\t\t<div class=\"e-con-inner\">\n\t\t\t\t<div class=\"elementor-element elementor-element-37c277b elementor-widget elementor-widget-text-editor\" data-id=\"37c277b\" data-element_type=\"widget\" data-widget_type=\"text-editor.default\">\n\t\t\t\t<div class=\"elementor-widget-container\">\n\t\t\t\t\t\t\t\t\t<p>Asociaci\u00f3n Americana de Psiquiatr\u00eda. (2012). Manual diagn\u00f3stico y estad\u00edstico de los trastornos mentales (5\u00aa ed.). Washington DC: American Psychiatric Publishing.<\/p>\n<p>\u00a0<\/p>\n<p>Andrade, J., Kavanagh, D., and Baddeley, A. (1997) Eye movements and visual imagery: A working memory approach to the treatment of posttraumatic stress disorder. British Journal of Clinical Psychology, 36 (2), 209 \u2013 223.<\/p>\n<p>Baraach, P. M. (1991). Multiple personality disorder as an attachment disorder. Dissociation, 4, 117\u2013123.<\/p>\n<p>\u00a0<\/p>\n<p>Beebe, B., Lachmann, F., Markese, S., Buck, K., Bahrick, L., Chen, H., . . . Jaffe, J. (2012). On the origins of disorganized attachment and internal working models: Paper II. An empirical microanalysis of 4-month mother\u2013infant interaction. Psychoanalytic Dialogues, 22, 352\u2013374.<\/p>\n<p>\u00a0<\/p>\n<p>Bisson, J., y Andrew, M. (2009). Tratamiento psicol\u00f3gico del trastorno de estr\u00e9s postraum\u00e1tico (TEPT) (Revision Cochrane traducida). Base de datos Cochrane de revisiones sistem\u00e1ticas, 2009(3). Art. n\u00ba: CD003388. doi:0.1002\/14651858.CD003388.pub3.<\/p>\n<p>\u00a0<\/p>\n<p>Boening, J. A. (2001). Neurobiology of an addiction memory. Journal of Neural Transmission, 108(6), 755\u2013765.<\/p>\n<p>\u00a0<\/p>\n<p>Boon, S., Steele, K., &amp; van der Hart, O. (2011). Hacer frente a la disociaci\u00f3n relacionada con el trauma. New York, NY: W.W. Norton.<\/p>\n<p>\u00a0<\/p>\n<p>Bowlby, J. (1988). A secure base: Parent-child attachment and healthy human development. Nueva York: Basic Books.<\/p>\n<p>Bradley, R., Greene, J., Russ, E., Dutra, L., &amp; Westen, D. (2005). A multidimensional meta-analysis of psychotherapy for PTSD. American Journal of Psychiatry, 162, 214\u2013227.<\/p>\n<p>\u00a0<\/p>\n<p>Bradshaw, J. (2005). Healing the shame that binds you (Ed. revisada). Deerfield Beach, FL: Health Communications.<\/p>\n<p>\u00a0<\/p>\n<p>Braun, B. (1988). The bask model of dissociation: Part II-treatment. Dissociation, 1(2), 16\u201323.<\/p>\n<p>\u00a0<\/p>\n<p>Brown, S. (2013). Las experiencias adversas de la infancia (ACE) estudio, la adicci\u00f3n, y el papel de EMDR. EMDRIA conferencia anual, Austin.<\/p>\n<p>\u00a0<\/p>\n<p>Carlson, E. B., Putnam, F. W., Ross, C. A., Torem, M., Coons, P., Dill, D., . . . Braun, B. G. (1993). Validity of the dissociative experiences scale in screening for multiple personality disorder: A multicenter study. American Journal of Psychiatry, 150,1030\u20131036.<\/p>\n<p>\u00a0<\/p>\n<p>\u00a0<\/p>\n<p>Christman, S. D., Garvey, K. J., Propper, R. E., &amp; Phaneuf, K. A. (2003). Bilateral eye movements enhance the retrieval of episodic memories. Neuropsychology, 17(2), 221\u2013229.<\/p>\n<p>\u00a0<\/p>\n<p>Christman, S.D., Propper, R.E., y Brown, T.J. (2006). Aumento de la interacci\u00f3n interhemisf\u00e9rica se asocia con inicios m\u00e1s tempranos de la amnesia infantil. Neuropsychology, 20(3), 336-345.<\/p>\n<p>Davidson, P. R., &amp; Parker, K. C. H. (2001). Eye movement desensitization and reprocessing (EMDR): A meta-analysis. Journal of Consulting and Clinical Psychology, 69, 305\u2013316.<\/p>\n<p>\u00a0<\/p>\n<p>de Jongh, A., Ernst, R., Marques, L., &amp; Hornsveld, H. (2013). The impact of eye movements and tones on disturbing memories involving PTSD and other mental disorders. Journal of Behavior Therapy and Experimental Psychiatry, 44(4), 477\u2013483.<\/p>\n<p>\u00a0<\/p>\n<p>de Jongh, A., Ten Broeke, E., &amp; Renssen, M. R. (1999). Treatment of specific phobias with eye movement desensitization and reprocessing (EMDR): Research, protocol, and application. Journal of Anxiety Disorders, 13, 69\u201385.<\/p>\n<p>Dell,P. and O\u2019Neil, J. (2009) Dissociation and the Dissociative Disorders<\/p>\n<p>Demassio, A. (2010). El yo viene a la mente. Nueva York, NY: Pantheon.<\/p>\n<p>\u00a0<\/p>\n<p>Dutra L, Lyons-Ruth K. Maltrato, psicopatolog\u00eda materna e infantil y calidad de la atenci\u00f3n temprana como predictores de la disociaci\u00f3n adolescente. Presentado en la Reuni\u00f3n Bienal de la Sociedad para la Investigaci\u00f3n en Desarrollo Infantil; Atlanta, GA. 2005.<\/p>\n<p>\u00a0<\/p>\n<p>Dutra, L., Bureau, J., Holmes, B. Lyubchik, A. y Lyons-Ruth, K. (2009), Quality of Early Care and Childhood Trauma: A Prospective Study of Developmental Pathways to Dissociation, J Nerv Ment Dis, 197(6): 383-390.<\/p>\n<p>Ecker, B., (2018) la t\u00e9cnica del flash en EMDR: c\u00f3mo y por qu\u00e9 funciona, Coherence Psychology Institute LLC, disponible en www.CoherenceInstitute.org<\/p>\n<p>Elofsson, U. O. E., von Scheele, B., Theorell, T., &amp; Sondergaard, H. P. (2008). Physiological correlates of eye movement desensitization and reprocessing. Journal of Anxiety Disorders, 22, 622\u2013634.<\/p>\n<p>\u00a0<\/p>\n<p>Erickson, M., y Rossi, E. (1979). Hypnotherapy: An exploratory casebook. Nueva York, NY: Irvington.<\/p>\n<p>\u00a0<\/p>\n<p>Essex, M. J., Klein, M. H., Cho, E., &amp; Kalin, N. H. (2002). Maternal stress beginning in infancy may sensitize children to later stress exposure: Effects on cortisol and behavior. Biological Psychiatry, 52, 776\u2013784.<\/p>\n<p>Felitti, V. (2013). El estudio de Experiencias Adversas en la Infancia (ACE). Presentaci\u00f3n en la Conferencia Anual de la Asociaci\u00f3n Internacional de EMDR, Austin, TX.<\/p>\n<p>\u00a0<\/p>\n<p>Felitti, V. J., Anda, R. F., Nordenberg, D., Williamson, D. F., Spitz, A. M., Edwards, V., \u2026 Marks, J. S. (1998). Relationship of childhood abuse and household dysfunction to many of the leading causes of death in adults: The adverse childhood experiences (ACE) study. American Journal of Preventive Medicine, 14, 245\u2013258.<\/p>\n<p>\u00a0<\/p>\n<p>Forgash, C., &amp; Copeley, M. (Eds.). (2007). Healing the heart of trauma with EMDR and Ego State Therapy. Nueva York, NY: Springer.<\/p>\n<p>\u00a0<\/p>\n<p>Forgash, C., y Knipe, J. (2001). Safety-focused EMDR\/ego state treatment of dissociative disorders. Ponencia presentada en la conferencia anual de la EMDR International Association, Austin.<\/p>\n<p>\u00a0<\/p>\n<p>Forgash, C., &amp; Knipe, J. (2007). Integrating EMDR and ego state treatment for clients with trauma disorders. In C. Forgash &amp; M. Copeley (Eds.), Healing the heart of trauma with EMDR and Ego State Therapy (pp. 1\u201355). New York, NY: Springer.<\/p>\n<p>\u00a0<\/p>\n<p>Forgash, C., &amp; Knipe, J. (2012). Integrating EMDR and ego state treatment for clients with trauma disorders. Journal of EMDR Practice and Research, 6(3), 120\u2013128.<\/p>\n<p>\u00a0<\/p>\n<p>Fraser, G. A. (1991). The dissociative table technique: A strategy for working with ego states in dissociative disorders and ego state therapy. Dissociation, 4(4), 205\u2013213.<\/p>\n<p>\u00a0<\/p>\n<p>Fraser, G. A. (2003). Fraser\u2019s dissociative table technique revisited, revised: A strategy for working with ego states in dissociative disorders and ego state therapy. Journal of Trauma &amp; Dissociation, 4(4), 5\u201328.<\/p>\n<p>\u00a0<\/p>\n<p>Gonzales, A., y Mosquera, D. (2012). EMDR y disociaci\u00f3n: El enfoque progresivo. Charleston, SC: Gonzales\/Mosquera.<\/p>\n<p>\u00a0<\/p>\n<p>Herman, J. L. (1992). Trauma and recovery: The aftermath of violence from domestic abuse to political terror. Nueva York, NY: Basic Books.<\/p>\n<p>\u00a0<\/p>\n<p>Hofmann, A. (2009). The inverted EMDR standard protocol for unstable complex post-traumatic stress disorder. In M. Luber (Ed.), EMDR scripted protocols: Special populations (pp. 313\u2013328). New York, NY: Springer.<\/p>\n<p>\u00a0<\/p>\n<p>Kahneman, D. (2011). Pensar, r\u00e1pido y lento. Nueva York, NY: Farrar, Straus and Giroux.<\/p>\n<p>\u00a0<\/p>\n<p>Kiessling, R. (2003, septiembre). Integrando estrategias de instalaci\u00f3n de recursos en su pr\u00e1ctica de EMDR. Ponencia presentada en la conferencia 2003 de la EMDR International Association, Denver.<\/p>\n<p>\u00a0<\/p>\n<p>Knipe, J. (1995, August). Targeting avoidance and dissociative numbing. EMDR Network Newsletter, 5(2), 6\u20137.<\/p>\n<p>\u00a0<\/p>\n<p>Knipe, J. (1998a). Blocking beliefs questionnaire. EMDR International Association Newsletter, Winter, 5\u20136.<\/p>\n<p>\u00a0<\/p>\n<p>Knipe, J. (1998b). It was a golden time: Healing narcissistic vulnerability. In P. Manfield (Ed.), Extending EMDR (pp. 232\u2013255). New York, NY: W.W. Norton.<\/p>\n<p>\u00a0<\/p>\n<p>Knipe, J. (1999, oto\u00f1o). Strengthening affect tolerance and adult perspective through construction of imagined dissociative avoidance. Bolet\u00edn de la Asociaci\u00f3n Internacional EMDR.<\/p>\n<p>\u00a0<\/p>\n<p>Knipe, J. (2002, June). A tool for working with dissociative clients. EMDRIA Newsletter, 7(2), 14\u201316.<\/p>\n<p>\u00a0<\/p>\n<p>Knipe, J. (2005). Targeting positive affect to clear the pain of unrequited love: Codependence, avoidance and procrastination. In R. Shapiro (Ed.), EMDR solutions (pp. 189\u2013211). New York, NY: W.W. Norton.<\/p>\n<p>\u00a0<\/p>\n<p>Knipe, J. (2007a). Ojos amorosos: Procedimientos para revertir terap\u00e9uticamente procesos disociativos preservando la seguridad emocional. En C. Forgash &amp; M. Copeley (Eds.), Healing the heart of trauma and dissociation. Nueva York, NY: Springer.<\/p>\n<p>\u00a0<\/p>\n<p>Knipe, J. (2007b, September). \u201cMaster Clinician\u201d invited presentation. EMDR International Association annual conference, Dallas.<\/p>\n<p>\u00a0<\/p>\n<p>Knipe, J. (2009a). Escala de la parte posterior de la cabeza (BHS), el m\u00e9todo de instalaci\u00f3n constante de la orientaci\u00f3n y seguridad presentes (CIPOS), afecto positivo disfuncional: Para ayudar a los clientes con defensas de evitaci\u00f3n no deseadas, afecto positivo disfuncional: Procrastinaci\u00f3n, afecto postivo disfuncional: Para despejar el dolor del amor no correspondido, y afecto positivo disfuncional: Codependencia u obsesi\u00f3n con comportamientos autodestructivos. En M. Luber (Ed.), EMDR scripted protocols: Special populations. Nueva York, NY: Springer.<\/p>\n<p>\u00a0<\/p>\n<p>Knipe, J. (2009b). Shame is my safe place: Adaptive information processing methods of resolving chronic shame-based depression. En R. Shapiro (Ed.), EMDR solutions (Vol. II). Nueva York, NY: W.W. Norton.<\/p>\n<p>\u00a0<\/p>\n<p>Knipe, J. (2010, 3 de octubre). Conferencia magistral invitada, el uso de m\u00e9todos de terapia AIP con s\u00edntomas disociativos y TEPT complejo. Conferencia anual de la Asociaci\u00f3n Internacional EMDR, Minneapolis.<\/p>\n<p>\u00a0<\/p>\n<p>Knipe, J., Manfield, P., &amp; Snyker, E. (1998). El uso de EMDR con trastornos narcisistas y de evitaci\u00f3n. Presentaci\u00f3n en la conferencia anual de la asociaci\u00f3n internacional EMDR, Baltimore.<\/p>\n<p>\u00a0<\/p>\n<p>Knipe, J., y Snyker, E. (2000). El m\u00e9todo de Instalaci\u00f3n Constante de Orientaci\u00f3n Presente y Seguridad. Presentaci\u00f3n en la conferencia anual de EMDRIA, Montreal.<\/p>\n<p>\u00a0<\/p>\n<p>Korn, D. L., &amp; Leeds, A. M. (2002). Preliminary evidence of efficacy for EMDR resource development and installation in the stabilization phase of treatment of complex posttraumatic stress disorder. Journal of Clinical Psychology, 58(12), 1465\u20131487.<\/p>\n<p>\u00a0<\/p>\n<p>Lee, C. W., &amp; Cuijpers, P. (2013). A meta-analysis of the contribution of eye movements in processing emotional memories. Journal of Behavior Therapy &amp; Experimental Psychiatry, 44, 231\u2013239.<\/p>\n<p>\u00a0<\/p>\n<p>Lee, C. W., &amp; Cuijpers, P. (2014). What does the data say about the importance of eye movement in EMDR? Journal of Behavior Therapy and Experimental Psychiatry, 45(1), 226\u2013228.<\/p>\n<p>\u00a0<\/p>\n<p>Leeds, A. (2009). A guide to the standard EMDR protocols for clinicians, supervisors, and consultants. Nueva York, NY: Springer.<\/p>\n<p>\u00a0<\/p>\n<p>Leeds, A. (2002). Un prototipo de protocolo EMDR para identificar e instalar recursos. En F. Shapiro (Ed.), Manual de formaci\u00f3n de la segunda parte. Pacific Grove, CA: Instituto EMDR.<\/p>\n<p>\u00a0<\/p>\n<p>Liotti, G. (2006). A model of dissociation based on attachment theory. Journal of Trauma and Dissociation, 7(4), 55\u201374.<\/p>\n<p>\u00a0<\/p>\n<p>Lyons-Ruth, K., Dutra, L., Schuder, M. R., &amp; Bianchi, I. (2006, March). From infant attachment disorganization to adult dissociation: Relational adaptations or traumatic experiences? Psychiatric Clinics of North America, 29(1), 63\u2013viii.<\/p>\n<p>\u00a0<\/p>\n<p>Main, M. (1996). Introduction to the special section on attachment and psychopathology: 2. Overview of the field of attachment. Journal of Consulting and Clinical Psychology, 64(2), 237\u2013243.<\/p>\n<p>\u00a0<\/p>\n<p>Manfield, P., Lovett, J., Engel, L. and Manfield, D. (2017) The flash technique in EMDR Therapy: four case examples. Journal of EMDR Practice and Research, Volume 11, Number 4 \u2028<\/p>\n<p>Martin, K. (2010, September\/October). Fraser\u2019s dissociative table technique: A phase 2 strategy. Presentation at the 15th EMDRIA Conference, Minneapolis.<\/p>\n<p>\u00a0<\/p>\n<p>Maxfield, L., &amp; Hyer, L. A. (2002). The relationship between efficacy and methodology in studies investigating EMDR treatment of PTSD. Journal of Clinical Psychology, 58, 23\u201341.<\/p>\n<p>\u00a0<\/p>\n<p>Mosquera, D. (2019) Trabajando con voces y partes disociadas, Instituto para el tratamiento del trauma y los trastornos de la personalidad, EMDRadvancedtrainings.com<\/p>\n<p>\u00a0<\/p>\n<p>Mosquera, D. y Knipe, J. (2017) Idealizaci\u00f3n y respuestas positivas desadaptativas. Terapia EMDR para mujeres ambivalentes sobre dejar a una pareja abusiva, Journal of EMDR Practice and Research, 11 (1).<\/p>\n<p>Mosquera, D. y Knipe, J. (2015) Understanding and treating narcissistic personality disorder with EMDR, Journal of EMDR Practice and Research, 9 (1): 46-63.<\/p>\n<p>\u00a0<\/p>\n<p>Ogawa, J. R., Sroufe, L. A., Weinfield, N. S., Carlson, E., &amp; Egeland, B. (1997). Development and the fragmented self: A longitudinal study of dissociative symptomatology in a non-clinical sample. Development and Psychopathol- ogy, 4, 855\u2013879.<\/p>\n<p>O\u2019Shea, K. (2009). The EMDR early trauma protocol. In R. Shapiro (Ed.), EMDR solutions (Vol. II, pp. 313\u2013334). New York, NY: Norton.<\/p>\n<p>\u00a0<\/p>\n<p>Pagani, M., Di Lorenzo, G., Verado, A.R., Nicolais, G., Monaco, L., and Lauretti, G. (2012) Neurobiological correlates of EMDR monitoring \u2013 an EEG study. PLOS ONE, 7(9), e 45753.<\/p>\n<p>Paulsen, S. (1995). Eye movement desensitization and reprocessing: Its cautious use in the dissociative disorders. Dissociation, 8(1), 32\u201344.<\/p>\n<p>\u00a0<\/p>\n<p>Paulsen, S., &amp; Lanius, U. (2010). Hacia un yo encarnado: El tratamiento de la disociaci\u00f3n traum\u00e1tica. Presentaci\u00f3n en la conferencia anual EMDRIA, Minneapolis.<\/p>\n<p>\u00a0<\/p>\n<p>Plutchik, R., Kellerman, H., &amp; Conte, H. R. (1979). A structural theory of ego defences and emotions. In C. E. Izard (Ed.), Emotions in personality and psychopathology (pp. 229\u2013257). New York, NY: Plenum Press.<\/p>\n<p>\u00a0<\/p>\n<p>Polster, E. y Polster, M. (1974) Gestalt therapy integrated: contours of theory and practice, Nueva York : Vintage Books, 1974<\/p>\n<p>\u00a0<\/p>\n<p>Popky, A. J. (2005). DeTUR, an urge reduction protocol for addictions and dysfunctional behaviors. In R. Shapiro (Ed.), EMDR solutions (pp. 167\u2013188). New York, NY: W.W. Norton.<\/p>\n<p>\u00a0<\/p>\n<p>Porges, S. W. (2009). The polyvegal theory: New insights into adaptive reactions of the autonomic nervous system. Cleveland Clinic Journal of Medicine, 76(Suppl 2), S86\u2013S90.<\/p>\n<p>\u00a0<\/p>\n<p>Reinders, A. A., Nijenhuis, E. R., Quak, J., Korf, J., Haaksma, J., Paans, A. M., \u2026 den Boer, J. A. (2006). Psychobiological characteristics of dissociative identity disorder: A symptom provocation study. Biological Psychiatry, 60, 730\u2013740.<\/p>\n<p>\u00a0<\/p>\n<p>Ross, C. (1998) El problema del apego al agresor. Inner Voices. Primavera, 1998. Disponible en http:\/\/abusesanctuary.blogspot.com\/2006\/09\/problem-of-attachment-to-perpetrator.html<\/p>\n<p>\u00a0<\/p>\n<p>Ross, C. (2012). Apego traum\u00e1tico, disociaci\u00f3n y EMDR. Conferencia anual EMDRIA, Austin.<\/p>\n<p>\u00a0<\/p>\n<p>Ross, C. &amp; Halpern, N. (2009) Trauma Model Therapy. Manitou Communications, Richardson TX<\/p>\n<p>\u00a0<\/p>\n<p>Sack, M., Hofmann, A., Wizelman, L., &amp; Lempa, W. (2008). Psychophysiological changes during EMDR and treatment outcome. Journal of EMDR Practice and Research, 2(4), 239\u2013246.<\/p>\n<p>\u00a0<\/p>\n<p>Schmidt, S. J. (2009). The developmental needs meeting strategy: An ego state therapy for healing adults with childhood trauma and attachment wounds. San Antonio, TX: DNMS Institute.<\/p>\n<p>\u00a0<\/p>\n<p>Schore, A. N. (2001). Effects of a secure attachment relationship on right brain development, affect regulation, and infant mental health. Infant Mental Health Journal, 22(1\u20132), 7\u201366.<\/p>\n<p>\u00a0<\/p>\n<p>Schwartz, R. (1995). Terapia de sistemas familiares internos. Nueva York, NY: Guilford Press.<\/p>\n<p>\u00a0<\/p>\n<p>Seligman, M. E. P. (1975). Helplessness: On depression, development, and death. San Francisco, CA: W.H. Freeman.<\/p>\n<p>Seligman, M. E. P., &amp; Maier, S. F. (1976). Learned helplessness: Theory and evidence. Journal of Experimental Psychology: General, 105(1), 3\u201346.<\/p>\n<p>\u00a0<\/p>\n<p>Shapiro, F. (1995). Desensibilizaci\u00f3n y reprocesamiento por movimientos oculares: Principios b\u00e1sicos, protocolos y procedimientos. Nueva York, NY: Guilford Press.<\/p>\n<p>\u00a0<\/p>\n<p>Shapiro, F. (2018). Desensibilizaci\u00f3n y reprocesamiento por movimientos oculares: Principios b\u00e1sicos, protocolos y procedimientos (3\u00aa ed.). Nueva York, NY: Guilford Press.<\/p>\n<p>\u00a0<\/p>\n<p>Shapiro, R. (2005). The two-hand interweave. In R. Shapiro (Ed.), EMDR solutions (pp. 160\u2013166). New York, NY: Norton.<\/p>\n<p>\u00a0<\/p>\n<p>Solomon, R. L., &amp; Wynne, L. C. (1954). Traumatic avoidance learning: The principles of anxiety conservation and partial irreversibility. Psychological Review 61, 353\u2013385.<\/p>\n<p>Schwartz, R. (1997) Terapia de sistemas familiares internos, segunda edici\u00f3n (2020), Guilford, Nueva York.<\/p>\n<p>\u00a0<\/p>\n<p>Tomkins, S. S. (1991). Affect imagery consciousness volume III. Los afectos negativos: Ira y miedo. Nueva York, NY: Springer.<\/p>\n<p>\u00a0<\/p>\n<p>Truax, C. B., y Carkhuff, R. R. (1967). Toward effective counseling and psychotherapy. Chicago, IL: Aldine.<\/p>\n<p>\u00a0<\/p>\n<p>Twombly, J. (2005). EMDR processing with dissociative identity disorder, DDNOS, and ego states. In R. Shapiro (Ed.), EMDR solutions (pp. 88\u2013120). New York, NY: W.W. Norton.<\/p>\n<p>\u00a0<\/p>\n<p>Vaillant, G. E. (1992). Ego mechanisms of defence: A guide for clinicians and researchers. Washington, DC, American Psychiatric Press.<\/p>\n<p>\u00a0<\/p>\n<p>van den Berg, D. P. G., van der Vleugel, B. M., Staring, A. B. P., De Bont, P. A. J., &amp; De Jongh, A. (2013). EMDR in psychosis: Guidelines for conceptualization and treatment. Journal of EMDR Practice and Research, 7(4), 664\u2013671.<\/p>\n<p>\u00a0<\/p>\n<p>Van den Hout, M.A., Muris, P., Salemink, E., y Kindt, M. (2001) Los recuerdos autobiogr\u00e1ficos se vuelven menos v\u00edvidos y emocionales tras los movimientos oculares. British Journal of Clinical Psychology,40(Pt.2), 121-130.<\/p>\n<p>van der Hart, O., Groenendijk, M., Gonzalez, A., Mosquera, D., &amp; Solomon, R. (2013). Dissociation of the personality and EMDR therapy in complex trauma-related disorders: Applications in the stabilization phase. Journal of EMDR Practice and Research, 7(2), 81\u201394.<\/p>\n<p>\u00a0<\/p>\n<p>van der Hart, O., Nijenhuis, E., &amp; Steele, K. (2006). The haunted self: Structural dissociation and the treatment of chronic traumatization. Nueva York, NY: W.W. Norton.<\/p>\n<p>\u00a0<\/p>\n<p>Van der Kolk, B. A., Spinazzola, J., Blaustein, M. E., Hopper, J. W., Hopper, E. K., Korn, D. L., &amp; Simpson, W. B. (2007) A Randomized Clinical Trial of Eye Movement Desensitization and Reprocessing (EMDR), Fluoxetine, and Pill Placebo in the Treatment of Posttraumatic Stress Disorder: Treatment Effects and Long-Term Maintenance, J Clin Psychiatry 68, 1\u201310.<\/p>\n<p>\u00a0<\/p>\n<p>Watkins, J. G., &amp; Watkins, H. H. (1998). Estados del ego: Teor\u00eda y terapia. Nueva York, NY: W. W. Norton.<\/p>\n<p>\u00a0<\/p>\n<p>Wildwind, L. (1995). EMDR en el tratamiento de la depresi\u00f3n. Presentaci\u00f3n en la reuni\u00f3n anual de la red EMDR, Sunnyvale.<\/p>\n<p>\u00a0<\/p>\n<p>Wilson, D., Silver, S. M., Covi, W., &amp; Foster, S. (1996). Eye movement desensitization and reprocessing: Effectiveness and autonomic correlates. Journal of Behaviour Therapy and Experimental Psychiatry, 27, 219\u2013229.<\/p>\n<p>\u00a0<\/p>\n<p>Wilson, S. A., Becker, L. A., &amp; Tinker, R. H. (1997). Fifteen-month follow-up of eye movement desensitization and reprocessing (EMDR) treatment for PTSD and psychological trauma. Journal of Consulting and Clinical Psychology, 65, 1047\u20131056.<\/p>\n<p>\u00a0<\/p>\n<p>Winnicott, Donald W. (1956). Preocupaci\u00f3n materna primaria. En Collected papers, through paediatrics to psychoanalysis (pp. 300-305). Londres: Tavistock Publications, 1958.<\/p>\t\t\t\t\t\t\t\t<\/div>\n\t\t\t\t<\/div>\n\t\t\t\t\t<\/div>\n\t\t\t\t<\/div>\n\t\t\t\t<\/div>","protected":false},"excerpt":{"rendered":"<p>BIBLIOGRAFIA FLASHCARDS Utili nella terapia EMDR con pazienti con PTSD complesso e disturbo dissociativo. American Psychiatric Association. (2012). Diagnostic and statistical manual of mental disorders (5th ed.). Washington DC: American Psychiatric Publishing. \u00a0 Andrade, J., Kavanagh, D., and Baddeley, A. (1997) Eye movements and visual imagery: A working memory approach to the treatment of posttraumatic [&hellip;]<\/p>","protected":false},"author":1,"featured_media":0,"parent":0,"menu_order":0,"comment_status":"closed","ping_status":"closed","template":"","meta":{"footnotes":""},"class_list":["post-207","page","type-page","status-publish","hentry"],"_links":{"self":[{"href":"https:\/\/manuelaspadoni.com\/es\/wp-json\/wp\/v2\/pages\/207","targetHints":{"allow":["GET"]}}],"collection":[{"href":"https:\/\/manuelaspadoni.com\/es\/wp-json\/wp\/v2\/pages"}],"about":[{"href":"https:\/\/manuelaspadoni.com\/es\/wp-json\/wp\/v2\/types\/page"}],"author":[{"embeddable":true,"href":"https:\/\/manuelaspadoni.com\/es\/wp-json\/wp\/v2\/users\/1"}],"replies":[{"embeddable":true,"href":"https:\/\/manuelaspadoni.com\/es\/wp-json\/wp\/v2\/comments?post=207"}],"version-history":[{"count":7,"href":"https:\/\/manuelaspadoni.com\/es\/wp-json\/wp\/v2\/pages\/207\/revisions"}],"predecessor-version":[{"id":215,"href":"https:\/\/manuelaspadoni.com\/es\/wp-json\/wp\/v2\/pages\/207\/revisions\/215"}],"wp:attachment":[{"href":"https:\/\/manuelaspadoni.com\/es\/wp-json\/wp\/v2\/media?parent=207"}],"curies":[{"name":"wp","href":"https:\/\/api.w.org\/{rel}","templated":true}]}}