{"id":134,"date":"2023-06-03T17:24:31","date_gmt":"2023-06-03T17:24:31","guid":{"rendered":"https:\/\/manuelaspadoni.com\/?page_id=134"},"modified":"2023-06-22T11:07:50","modified_gmt":"2023-06-22T11:07:50","slug":"areas-de-atencion","status":"publish","type":"page","link":"https:\/\/manuelaspadoni.com\/es\/areas-de-atencion\/","title":{"rendered":"\u00a0\u00c1reas de atenci\u00f3n"},"content":{"rendered":"<div data-elementor-type=\"wp-page\" data-elementor-id=\"134\" class=\"elementor elementor-134\" data-elementor-post-type=\"page\">\n\t\t\t\t<div class=\"elementor-element elementor-element-10d7872 e-flex e-con-boxed e-con e-parent\" data-id=\"10d7872\" data-element_type=\"container\" data-settings=\"{&quot;background_background&quot;:&quot;classic&quot;}\">\n\t\t\t\t\t<div class=\"e-con-inner\">\n\t\t\t\t<div class=\"elementor-element elementor-element-bb22a95 elementor-widget elementor-widget-heading\" data-id=\"bb22a95\" data-element_type=\"widget\" data-widget_type=\"heading.default\">\n\t\t\t\t<div class=\"elementor-widget-container\">\n\t\t\t\t\t<h2 class=\"elementor-heading-title elementor-size-default\"> \u00c1REAS DE ATENCI\u00d3N<\/h2>\t\t\t\t<\/div>\n\t\t\t\t<\/div>\n\t\t\t\t\t<\/div>\n\t\t\t\t<\/div>\n\t\t<div class=\"elementor-element elementor-element-acf764c e-con-full e-flex e-con e-parent\" data-id=\"acf764c\" data-element_type=\"container\">\n\t\t<div class=\"elementor-element elementor-element-1320216 e-con-full e-flex e-con e-child\" data-id=\"1320216\" data-element_type=\"container\" data-settings=\"{&quot;background_background&quot;:&quot;gradient&quot;}\">\n\t\t<div class=\"elementor-element elementor-element-0544337 e-flex e-con-boxed e-con e-child\" data-id=\"0544337\" data-element_type=\"container\">\n\t\t\t\t\t<div class=\"e-con-inner\">\n\t\t<div class=\"elementor-element elementor-element-3fc637f e-con-full e-flex e-con e-child\" data-id=\"3fc637f\" data-element_type=\"container\" data-settings=\"{&quot;background_background&quot;:&quot;classic&quot;}\">\n\t\t\t\t<\/div>\n\t\t<div class=\"elementor-element elementor-element-13e01d5 e-con-full e-flex e-con e-child\" data-id=\"13e01d5\" data-element_type=\"container\">\n\t\t\t\t<div class=\"elementor-element elementor-element-3786d68 elementor-widget elementor-widget-spacer\" data-id=\"3786d68\" data-element_type=\"widget\" data-widget_type=\"spacer.default\">\n\t\t\t\t<div class=\"elementor-widget-container\">\n\t\t\t\t\t\t\t<div class=\"elementor-spacer\">\n\t\t\t<div class=\"elementor-spacer-inner\"><\/div>\n\t\t<\/div>\n\t\t\t\t\t\t<\/div>\n\t\t\t\t<\/div>\n\t\t<div class=\"elementor-element elementor-element-79b3257 e-flex e-con-boxed e-con e-child\" data-id=\"79b3257\" data-element_type=\"container\">\n\t\t\t\t\t<div class=\"e-con-inner\">\n\t\t\t\t<div class=\"elementor-element elementor-element-9a36128 elementor-widget elementor-widget-text-editor\" data-id=\"9a36128\" data-element_type=\"widget\" data-widget_type=\"text-editor.default\">\n\t\t\t\t<div class=\"elementor-widget-container\">\n\t\t\t\t\t\t\t\t\t<p>Diagn\u00f3stico y psicoterapia Emdr de pacientes adultos y adolescentes con un amplio abanico de trastornos: TEPT simple y complejo, trastornos alimentarios, trastornos disociativos, trastorno l\u00edmite de la personalidad, trastorno depresivo mayor, s\u00edndrome ansioso-depresivo, ataques de p\u00e1nico, sintomatolog\u00eda f\u00f3bico-obsesiva, etc. Tambi\u00e9n se presta una atenci\u00f3n espec\u00edfica a los pacientes con enfermedades autoinmunes y psicosom\u00e1ticas, as\u00ed como a los trastornos f\u00edsicos funcionales que no pueden atribuirse a patolog\u00edas org\u00e1nicas espec\u00edficas.<\/p>\t\t\t\t\t\t\t\t<\/div>\n\t\t\t\t<\/div>\n\t\t\t\t\t<\/div>\n\t\t\t\t<\/div>\n\t\t\t\t<div class=\"elementor-element elementor-element-b2a03cb elementor-widget elementor-widget-spacer\" data-id=\"b2a03cb\" data-element_type=\"widget\" data-widget_type=\"spacer.default\">\n\t\t\t\t<div class=\"elementor-widget-container\">\n\t\t\t\t\t\t\t<div class=\"elementor-spacer\">\n\t\t\t<div class=\"elementor-spacer-inner\"><\/div>\n\t\t<\/div>\n\t\t\t\t\t\t<\/div>\n\t\t\t\t<\/div>\n\t\t\t\t<\/div>\n\t\t\t\t\t<\/div>\n\t\t\t\t<\/div>\n\t\t\t\t<\/div>\n\t\t\t\t<\/div>\n\t\t\t\t<\/div>","protected":false},"excerpt":{"rendered":"<p>\u00c1REAS DE TRATAMIENTO Diagn\u00f3stico y psicoterapia Emdr de pacientes adultos y adolescentes con un amplio abanico de trastornos: TEPT simple y complejo, trastornos de la conducta alimentaria, trastornos disociativos, trastorno l\u00edmite de la personalidad, trastorno depresivo mayor, s\u00edndrome ansioso-depresivo, ataques de p\u00e1nico, sintomatolog\u00eda f\u00f3bico-obsesiva, etc. Tambi\u00e9n se presta una atenci\u00f3n espec\u00edfica a los pacientes con enfermedades autoinmunes y psicosom\u00e1ticas [...].<\/p>","protected":false},"author":1,"featured_media":0,"parent":0,"menu_order":0,"comment_status":"closed","ping_status":"closed","template":"","meta":{"footnotes":""},"class_list":["post-134","page","type-page","status-publish","hentry"],"_links":{"self":[{"href":"https:\/\/manuelaspadoni.com\/es\/wp-json\/wp\/v2\/pages\/134","targetHints":{"allow":["GET"]}}],"collection":[{"href":"https:\/\/manuelaspadoni.com\/es\/wp-json\/wp\/v2\/pages"}],"about":[{"href":"https:\/\/manuelaspadoni.com\/es\/wp-json\/wp\/v2\/types\/page"}],"author":[{"embeddable":true,"href":"https:\/\/manuelaspadoni.com\/es\/wp-json\/wp\/v2\/users\/1"}],"replies":[{"embeddable":true,"href":"https:\/\/manuelaspadoni.com\/es\/wp-json\/wp\/v2\/comments?post=134"}],"version-history":[{"count":49,"href":"https:\/\/manuelaspadoni.com\/es\/wp-json\/wp\/v2\/pages\/134\/revisions"}],"predecessor-version":[{"id":615,"href":"https:\/\/manuelaspadoni.com\/es\/wp-json\/wp\/v2\/pages\/134\/revisions\/615"}],"wp:attachment":[{"href":"https:\/\/manuelaspadoni.com\/es\/wp-json\/wp\/v2\/media?parent=134"}],"curies":[{"name":"wp","href":"https:\/\/api.w.org\/{rel}","templated":true}]}}